{"id":1355,"date":"2024-01-23T16:41:37","date_gmt":"2024-01-23T16:41:37","guid":{"rendered":"https:\/\/tobeornot.online\/?page_id=1355"},"modified":"2024-01-23T18:28:34","modified_gmt":"2024-01-23T18:28:34","slug":"optimisation-seo-mes-meilleurs-techniques","status":"publish","type":"page","link":"https:\/\/tobeornot.online\/fr\/","title":{"rendered":"Optimisation SEO : Mes meilleurs techniques"},"content":{"rendered":"\t\t<div data-elementor-type=\"wp-page\" data-elementor-id=\"1355\" class=\"elementor elementor-1355\" data-elementor-post-type=\"page\">\n\t\t\t\t\t\t<section class=\"elementor-section elementor-top-section elementor-element elementor-element-0ec5e61 elementor-section-stretched elementor-section-boxed elementor-section-height-default elementor-section-height-default\" data-id=\"0ec5e61\" data-element_type=\"section\" data-e-type=\"section\" data-settings=\"{&quot;stretch_section&quot;:&quot;section-stretched&quot;,&quot;background_background&quot;:&quot;classic&quot;}\">\n\t\t\t\t\t\t<div class=\"elementor-container elementor-column-gap-default\">\n\t\t\t\t\t<div class=\"elementor-column elementor-col-100 elementor-top-column elementor-element elementor-element-3c560ed\" data-id=\"3c560ed\" data-element_type=\"column\" data-e-type=\"column\">\n\t\t\t<div class=\"elementor-widget-wrap elementor-element-populated\">\n\t\t\t\t\t\t<div class=\"elementor-element elementor-element-4448193 elementor-widget elementor-widget-text-editor\" data-id=\"4448193\" data-element_type=\"widget\" data-e-type=\"widget\" data-widget_type=\"text-editor.default\">\n\t\t\t\t<div class=\"elementor-widget-container\">\n\t\t\t\t\t\t\t\t\t<p>En 2024, le r\u00e9f\u00e9rencement naturel (SEO) demeure le pilier essentiel pour assurer la visibilit\u00e9 en ligne. Dans un paysage num\u00e9rique en constante \u00e9volution, ma\u00eetriser les subtilit\u00e9s de l&rsquo;optimisation SEO s&rsquo;av\u00e8re plus crucial que jamais. Cette ann\u00e9e, je suis ravi de partager avec vous mes meilleures astuces et strat\u00e9gies, forg\u00e9es par l&rsquo;exp\u00e9rience et affin\u00e9es au fil des changements algorithmiques. Plongeons ensemble dans l&rsquo;univers dynamique du SEO, o\u00f9 la pertinence, la technique et l&rsquo;innovation se conjuguent pour propulser votre pr\u00e9sence en ligne vers de nouveaux sommets.<\/p>\t\t\t\t\t\t\t\t<\/div>\n\t\t\t\t<\/div>\n\t\t\t\t<div class=\"elementor-element elementor-element-b89950a elementor-widget elementor-widget-heading\" data-id=\"b89950a\" data-element_type=\"widget\" data-e-type=\"widget\" data-widget_type=\"heading.default\">\n\t\t\t\t<div class=\"elementor-widget-container\">\n\t\t\t\t\t<h1 class=\"elementor-heading-title elementor-size-default\">Optimisation SEO : Mes Meilleures Astuces<\/h1>\t\t\t\t<\/div>\n\t\t\t\t<\/div>\n\t\t\t\t<div class=\"elementor-element elementor-element-058d955 elementor-widget elementor-widget-text-editor\" data-id=\"058d955\" data-element_type=\"widget\" data-e-type=\"widget\" data-widget_type=\"text-editor.default\">\n\t\t\t\t<div class=\"elementor-widget-container\">\n\t\t\t\t\t\t\t\t\t<p>Avant de vous pr\u00e9senter mes meilleures astuces SEO, revenons aux fondamentaux qui forment la base d&rsquo;une strat\u00e9gie de r\u00e9f\u00e9rencement solide.<\/p>\t\t\t\t\t\t\t\t<\/div>\n\t\t\t\t<\/div>\n\t\t\t\t<div class=\"elementor-element elementor-element-f85b6a4 elementor-widget elementor-widget-heading\" data-id=\"f85b6a4\" data-element_type=\"widget\" data-e-type=\"widget\" data-widget_type=\"heading.default\">\n\t\t\t\t<div class=\"elementor-widget-container\">\n\t\t\t\t\t<h2 class=\"elementor-heading-title elementor-size-default\">Bases du r\u00e9f\u00e9rencement naturel (SEO)<\/h2>\t\t\t\t<\/div>\n\t\t\t\t<\/div>\n\t\t\t\t<div class=\"elementor-element elementor-element-fa99edb elementor-widget elementor-widget-text-editor\" data-id=\"fa99edb\" data-element_type=\"widget\" data-e-type=\"widget\" data-widget_type=\"text-editor.default\">\n\t\t\t\t<div class=\"elementor-widget-container\">\n\t\t\t\t\t\t\t\t\t<p>Pour r\u00e9ussir en SEO, rappelez-vous du triptyque fondamental :<\/p><ul><li><strong>Contenu :<\/strong> Cr\u00e9ation de contenu de qualit\u00e9, informatif et engageant.<\/li><li><strong>Technique :<\/strong> Optimisation technique du site pour une meilleure indexation.<\/li><li><strong>Popularit\u00e9 :<\/strong> Strat\u00e9gie de popularit\u00e9, y compris la gestion des liens pour renforcer l&rsquo;autorit\u00e9.<\/li><\/ul><p>Je ne m&rsquo;\u00e9tendrai pas davantage sur ces \u00e9l\u00e9ments, car il existe de nombreux tutoriels d\u00e9taill\u00e9s disponibles sur le net. Je rajouterai tout de m\u00eame l&rsquo;exp\u00e9rience utilisateur (UX) qui va devenir (est d\u00e9j\u00e0) un crit\u00e8re pr\u00e9pond\u00e9rant dans l&rsquo;algo Google.<\/p>\t\t\t\t\t\t\t\t<\/div>\n\t\t\t\t<\/div>\n\t\t\t\t<div class=\"elementor-element elementor-element-78434b5 elementor-widget elementor-widget-heading\" data-id=\"78434b5\" data-element_type=\"widget\" data-e-type=\"widget\" data-widget_type=\"heading.default\">\n\t\t\t\t<div class=\"elementor-widget-container\">\n\t\t\t\t\t<h2 class=\"elementor-heading-title elementor-size-default\">Le SEO avec WordPress et Prestashop<\/h2>\t\t\t\t<\/div>\n\t\t\t\t<\/div>\n\t\t\t\t<div class=\"elementor-element elementor-element-a93e64e elementor-widget elementor-widget-text-editor\" data-id=\"a93e64e\" data-element_type=\"widget\" data-e-type=\"widget\" data-widget_type=\"text-editor.default\">\n\t\t\t\t<div class=\"elementor-widget-container\">\n\t\t\t\t\t\t\t\t\t<p>Sur ce site, je partagerai exclusivement des astuces \u00e9prouv\u00e9es, test\u00e9es avec succ\u00e8s sur des sites vitrines et E-commerce. Que vous utilisiez WordPress, PrestaShop, ou d&rsquo;autres plateformes plus g\u00e9n\u00e9ralistes, ces conseils couvriront une vari\u00e9t\u00e9 de leviers op\u00e9rationnels pour stimuler efficacement la performance de votre site internet.<\/p>\t\t\t\t\t\t\t\t<\/div>\n\t\t\t\t<\/div>\n\t\t\t\t<div class=\"elementor-element elementor-element-3fcfad1 elementor-widget elementor-widget-heading\" data-id=\"3fcfad1\" data-element_type=\"widget\" data-e-type=\"widget\" data-widget_type=\"heading.default\">\n\t\t\t\t<div class=\"elementor-widget-container\">\n\t\t\t\t\t<h3 class=\"elementor-heading-title elementor-size-default\">Un exemple d'astuce puissante en r\u00e9f\u00e9rencement naturel<\/h3>\t\t\t\t<\/div>\n\t\t\t\t<\/div>\n\t\t\t\t<div class=\"elementor-element elementor-element-16f3370 elementor-widget elementor-widget-text-editor\" data-id=\"16f3370\" data-element_type=\"widget\" data-e-type=\"widget\" data-widget_type=\"text-editor.default\">\n\t\t\t\t<div class=\"elementor-widget-container\">\n\t\t\t\t\t\t\t\t\t<p>Par exemple, prenons la balise &lsquo;title&rsquo;, un \u00e9l\u00e9ment crucial pour le r\u00e9f\u00e9rencement, souvent d\u00e9licat \u00e0 personnaliser dans les CMS. Souvent, les param\u00e8tres par d\u00e9faut ne sont pas suffisamment optimis\u00e9s pour refl\u00e9ter la pertinence du contenu. Cependant, je vais vous guider \u00e9tape par \u00e9tape pour personnaliser facilement la balise &lsquo;title&rsquo; sur diff\u00e9rentes plateformes, que ce soit WordPress, PrestaShop, ou d&rsquo;autres CMS plus g\u00e9n\u00e9ralistes. Ces ajustements simples auront \u00e0 coup s\u00fbr un impact significatif sur votre classement dans les r\u00e9sultats de recherche.<\/p>\t\t\t\t\t\t\t\t<\/div>\n\t\t\t\t<\/div>\n\t\t\t\t<div class=\"elementor-element elementor-element-3a7093d elementor-widget elementor-widget-heading\" data-id=\"3a7093d\" data-element_type=\"widget\" data-e-type=\"widget\" data-widget_type=\"heading.default\">\n\t\t\t\t<div class=\"elementor-widget-container\">\n\t\t\t\t\t<h3 class=\"elementor-heading-title elementor-size-default\">Accumulez les leviers actionables<\/h3>\t\t\t\t<\/div>\n\t\t\t\t<\/div>\n\t\t\t\t<section class=\"elementor-section elementor-inner-section elementor-element elementor-element-eef6754 elementor-section-boxed elementor-section-height-default elementor-section-height-default\" data-id=\"eef6754\" data-element_type=\"section\" data-e-type=\"section\">\n\t\t\t\t\t\t<div class=\"elementor-container elementor-column-gap-default\">\n\t\t\t\t\t<div class=\"elementor-column elementor-col-50 elementor-inner-column elementor-element elementor-element-54c2775\" data-id=\"54c2775\" data-element_type=\"column\" data-e-type=\"column\">\n\t\t\t<div class=\"elementor-widget-wrap elementor-element-populated\">\n\t\t\t\t\t\t<div class=\"elementor-element elementor-element-102aa12 elementor-widget elementor-widget-image\" data-id=\"102aa12\" data-element_type=\"widget\" data-e-type=\"widget\" data-widget_type=\"image.default\">\n\t\t\t\t<div class=\"elementor-widget-container\">\n\t\t\t\t\t\t\t\t\t\t\t\t\t\t\t<img fetchpriority=\"high\" decoding=\"async\" width=\"600\" height=\"400\" src=\"https:\/\/tobeornot.online\/wp-content\/uploads\/2024\/01\/astuces-en-referencement-naturel.jpg\" class=\"attachment-large size-large wp-image-1418\" alt=\"Astuces SEO wordpress Prestashop\" srcset=\"https:\/\/tobeornot.online\/wp-content\/uploads\/2024\/01\/astuces-en-referencement-naturel.jpg 600w, https:\/\/tobeornot.online\/wp-content\/uploads\/2024\/01\/astuces-en-referencement-naturel-300x200.jpg 300w, https:\/\/tobeornot.online\/wp-content\/uploads\/2024\/01\/astuces-en-referencement-naturel-18x12.jpg 18w\" sizes=\"(max-width: 600px) 100vw, 600px\" \/>\t\t\t\t\t\t\t\t\t\t\t\t\t\t\t<\/div>\n\t\t\t\t<\/div>\n\t\t\t\t\t<\/div>\n\t\t<\/div>\n\t\t\t\t<div class=\"elementor-column elementor-col-50 elementor-inner-column elementor-element elementor-element-784fcf3\" data-id=\"784fcf3\" data-element_type=\"column\" data-e-type=\"column\">\n\t\t\t<div class=\"elementor-widget-wrap elementor-element-populated\">\n\t\t\t\t\t\t<div class=\"elementor-element elementor-element-9655323 elementor-widget__width-initial elementor-widget elementor-widget-text-editor\" data-id=\"9655323\" data-element_type=\"widget\" data-e-type=\"widget\" data-widget_type=\"text-editor.default\">\n\t\t\t\t<div class=\"elementor-widget-container\">\n\t\t\t\t\t\t\t\t\t<p>L&rsquo;activation habile de ces petits leviers partag\u00e9s ici, engendrera sans aucun doute un boost significatif pour la performance de votre site. Chaque ajustement, m\u00eame minime en apparence, contribue de mani\u00e8re cumulative \u00e0 renforcer la visibilit\u00e9 en ligne et \u00e0 am\u00e9liorer votre classement sur les moteurs de recherche.\u00a0<\/p><p>Allez, il est grand temps de desserrer le frein \u00e0 main de votre site !<\/p>\t\t\t\t\t\t\t\t<\/div>\n\t\t\t\t<\/div>\n\t\t\t\t\t<\/div>\n\t\t<\/div>\n\t\t\t\t\t<\/div>\n\t\t<\/section>\n\t\t\t\t<div class=\"elementor-element elementor-element-1674237 elementor-widget elementor-widget-heading\" data-id=\"1674237\" data-element_type=\"widget\" data-e-type=\"widget\" data-widget_type=\"heading.default\">\n\t\t\t\t<div class=\"elementor-widget-container\">\n\t\t\t\t\t<h3 class=\"elementor-heading-title elementor-size-default\">Soyez inform\u00e9 le premier de mes nouvelles astuces SEO<\/h3>\t\t\t\t<\/div>\n\t\t\t\t<\/div>\n\t\t\t\t<section class=\"elementor-section elementor-inner-section elementor-element elementor-element-89df1ca elementor-section-boxed elementor-section-height-default elementor-section-height-default\" data-id=\"89df1ca\" data-element_type=\"section\" data-e-type=\"section\">\n\t\t\t\t\t\t<div class=\"elementor-container elementor-column-gap-default\">\n\t\t\t\t\t<div class=\"elementor-column elementor-col-50 elementor-inner-column elementor-element elementor-element-db211b3\" data-id=\"db211b3\" data-element_type=\"column\" data-e-type=\"column\">\n\t\t\t<div class=\"elementor-widget-wrap elementor-element-populated\">\n\t\t\t\t\t\t<div class=\"elementor-element elementor-element-5d49688 elementor-button-align-stretch elementor-widget elementor-widget-form\" data-id=\"5d49688\" data-element_type=\"widget\" data-e-type=\"widget\" data-settings=\"{&quot;step_next_label&quot;:&quot;Suivant&quot;,&quot;step_previous_label&quot;:&quot;Pr\\u00e9c\\u00e9dent&quot;,&quot;button_width&quot;:&quot;100&quot;,&quot;step_type&quot;:&quot;number_text&quot;,&quot;step_icon_shape&quot;:&quot;circle&quot;}\" data-widget_type=\"form.default\">\n\t\t\t\t<div class=\"elementor-widget-container\">\n\t\t\t\t\t\t\t<form class=\"elementor-form\" method=\"post\" name=\"Nouveau formulaire\">\n\t\t\t<input type=\"hidden\" name=\"post_id\" value=\"1355\"\/>\n\t\t\t<input type=\"hidden\" name=\"form_id\" value=\"5d49688\"\/>\n\t\t\t<input type=\"hidden\" name=\"referer_title\" value=\"Tobeornot.Online : Garantissez la Disponibilit\u00e9 de Votre Site Web\" \/>\n\n\t\t\t\n\t\t\t<div class=\"elementor-form-fields-wrapper elementor-labels-above\">\n\t\t\t\t\t\t\t\t<div class=\"elementor-field-type-text elementor-field-group elementor-column elementor-field-group-name elementor-col-100\">\n\t\t\t\t\t\t\t\t\t\t\t\t<label for=\"form-field-name\" class=\"elementor-field-label\">\n\t\t\t\t\t\t\t\tNom\t\t\t\t\t\t\t<\/label>\n\t\t\t\t\t\t\t\t\t\t\t\t\t\t<input size=\"1\" type=\"text\" name=\"form_fields[name]\" id=\"form-field-name\" class=\"elementor-field elementor-size-sm  elementor-field-textual\" placeholder=\"Nom\">\n\t\t\t\t\t\t\t\t\t\t\t<\/div>\n\t\t\t\t\t\t\t\t<div class=\"elementor-field-type-email elementor-field-group elementor-column elementor-field-group-email elementor-col-100 elementor-field-required\">\n\t\t\t\t\t\t\t\t\t\t\t\t<label for=\"form-field-email\" class=\"elementor-field-label\">\n\t\t\t\t\t\t\t\tE-mail\t\t\t\t\t\t\t<\/label>\n\t\t\t\t\t\t\t\t\t\t\t\t\t\t<input size=\"1\" type=\"email\" name=\"form_fields[email]\" id=\"form-field-email\" class=\"elementor-field elementor-size-sm  elementor-field-textual\" placeholder=\"E-mail\" required=\"required\" aria-required=\"true\">\n\t\t\t\t\t\t\t\t\t\t\t<\/div>\n\t\t\t\t\t\t\t\t<div class=\"elementor-field-group elementor-column elementor-field-type-submit elementor-col-100 e-form__buttons\">\n\t\t\t\t\t<button type=\"submit\" class=\"elementor-button elementor-size-sm\">\n\t\t\t\t\t\t<span >\n\t\t\t\t\t\t\t\t\t\t\t\t\t\t\t<span class=\" elementor-button-icon\">\n\t\t\t\t\t\t\t\t\t\t\t\t\t\t\t\t\t\t\t\t\t\t\t\t\t\t<\/span>\n\t\t\t\t\t\t\t\t\t\t\t\t\t\t\t\t\t\t\t\t\t\t<span class=\"elementor-button-text\">Envoyer<\/span>\n\t\t\t\t\t\t\t\t\t\t\t\t\t<\/span>\n\t\t\t\t\t<\/button>\n\t\t\t\t<\/div>\n\t\t\t<\/div>\n\t\t<\/form>\n\t\t\t\t\t\t<\/div>\n\t\t\t\t<\/div>\n\t\t\t\t\t<\/div>\n\t\t<\/div>\n\t\t\t\t<div class=\"elementor-column elementor-col-50 elementor-inner-column elementor-element elementor-element-c38b871\" data-id=\"c38b871\" data-element_type=\"column\" data-e-type=\"column\">\n\t\t\t<div class=\"elementor-widget-wrap elementor-element-populated\">\n\t\t\t\t\t\t<div class=\"elementor-element elementor-element-afea656 elementor-widget elementor-widget-image\" data-id=\"afea656\" data-element_type=\"widget\" data-e-type=\"widget\" data-widget_type=\"image.default\">\n\t\t\t\t<div class=\"elementor-widget-container\">\n\t\t\t\t\t\t\t\t\t\t\t\t\t\t\t<img decoding=\"async\" width=\"600\" height=\"360\" src=\"https:\/\/tobeornot.online\/wp-content\/uploads\/2024\/01\/innovation-seo.jpg\" class=\"attachment-large size-large wp-image-1426\" alt=\"Innovation SEO\" srcset=\"https:\/\/tobeornot.online\/wp-content\/uploads\/2024\/01\/innovation-seo.jpg 600w, https:\/\/tobeornot.online\/wp-content\/uploads\/2024\/01\/innovation-seo-300x180.jpg 300w, https:\/\/tobeornot.online\/wp-content\/uploads\/2024\/01\/innovation-seo-18x12.jpg 18w\" sizes=\"(max-width: 600px) 100vw, 600px\" \/>\t\t\t\t\t\t\t\t\t\t\t\t\t\t\t<\/div>\n\t\t\t\t<\/div>\n\t\t\t\t\t<\/div>\n\t\t<\/div>\n\t\t\t\t\t<\/div>\n\t\t<\/section>\n\t\t\t\t\t<\/div>\n\t\t<\/div>\n\t\t\t\t\t<\/div>\n\t\t<\/section>\n\t\t\t\t<\/div>\n\t\t","protected":false},"excerpt":{"rendered":"<p>En 2024, le r\u00e9f\u00e9rencement naturel (SEO) demeure le pilier essentiel pour assurer la visibilit\u00e9 en ligne. Dans un paysage num\u00e9rique en constante \u00e9volution, ma\u00eetriser les subtilit\u00e9s de l&rsquo;optimisation SEO s&rsquo;av\u00e8re plus crucial que jamais. Cette ann\u00e9e, je suis ravi de partager avec vous mes meilleures astuces et strat\u00e9gies, forg\u00e9es par l&rsquo;exp\u00e9rience et affin\u00e9es au fil [&hellip;]<\/p>\n","protected":false},"author":2,"featured_media":0,"parent":0,"menu_order":0,"comment_status":"closed","ping_status":"closed","template":"","meta":{"site-sidebar-layout":"no-sidebar","site-content-layout":"page-builder","ast-site-content-layout":"full-width-container","site-content-style":"default","site-sidebar-style":"default","ast-global-header-display":"","ast-banner-title-visibility":"","ast-main-header-display":"","ast-hfb-above-header-display":"","ast-hfb-below-header-display":"","ast-hfb-mobile-header-display":"","site-post-title":"disabled","ast-breadcrumbs-content":"","ast-featured-img":"disabled","footer-sml-layout":"","theme-transparent-header-meta":"","adv-header-id-meta":"","stick-header-meta":"","header-above-stick-meta":"","header-main-stick-meta":"","header-below-stick-meta":"","astra-migrate-meta-layouts":"set","ast-page-background-enabled":"default","ast-page-background-meta":{"desktop":{"background-color":"var(--ast-global-color-4)","background-image":"","background-repeat":"repeat","background-position":"center center","background-size":"auto","background-attachment":"scroll","background-type":"","background-media":"","overlay-type":"","overlay-color":"","overlay-gradient":""},"tablet":{"background-color":"","background-image":"","background-repeat":"repeat","background-position":"center center","background-size":"auto","background-attachment":"scroll","background-type":"","background-media":"","overlay-type":"","overlay-color":"","overlay-gradient":""},"mobile":{"background-color":"","background-image":"","background-repeat":"repeat","background-position":"center center","background-size":"auto","background-attachment":"scroll","background-type":"","background-media":"","overlay-type":"","overlay-color":"","overlay-gradient":""}},"ast-content-background-meta":{"desktop":{"background-color":"var(--ast-global-color-5)","background-image":"","background-repeat":"repeat","background-position":"center center","background-size":"auto","background-attachment":"scroll","background-type":"","background-media":"","overlay-type":"","overlay-color":"","overlay-gradient":""},"tablet":{"background-color":"var(--ast-global-color-5)","background-image":"","background-repeat":"repeat","background-position":"center center","background-size":"auto","background-attachment":"scroll","background-type":"","background-media":"","overlay-type":"","overlay-color":"","overlay-gradient":""},"mobile":{"background-color":"var(--ast-global-color-5)","background-image":"","background-repeat":"repeat","background-position":"center center","background-size":"auto","background-attachment":"scroll","background-type":"","background-media":"","overlay-type":"","overlay-color":"","overlay-gradient":""}},"footnotes":""},"class_list":["post-1355","page","type-page","status-publish","hentry"],"yoast_head":"<!-- This site is optimized with the Yoast SEO plugin v21.9 - https:\/\/yoast.com\/wordpress\/plugins\/seo\/ -->\n<title>Optimisation SEO : Mes meilleurs techniques - Tobeornot.Online : Garantissez la Disponibilit\u00e9 de Votre Site Web<\/title>\n<meta name=\"robots\" content=\"index, follow, max-snippet:-1, max-image-preview:large, max-video-preview:-1\" \/>\n<link rel=\"canonical\" href=\"https:\/\/tobeornot.online\/fr\/\" \/>\n<meta property=\"og:locale\" content=\"fr_FR\" \/>\n<meta property=\"og:type\" content=\"article\" \/>\n<meta property=\"og:title\" content=\"Optimisation SEO : Mes meilleurs techniques - Tobeornot.Online : Garantissez la Disponibilit\u00e9 de Votre Site Web\" \/>\n<meta property=\"og:description\" content=\"En 2024, le r\u00e9f\u00e9rencement naturel (SEO) demeure le pilier essentiel pour assurer la visibilit\u00e9 en ligne. Dans un paysage num\u00e9rique en constante \u00e9volution, ma\u00eetriser les subtilit\u00e9s de l&rsquo;optimisation SEO s&rsquo;av\u00e8re plus crucial que jamais. Cette ann\u00e9e, je suis ravi de partager avec vous mes meilleures astuces et strat\u00e9gies, forg\u00e9es par l&rsquo;exp\u00e9rience et affin\u00e9es au fil [&hellip;]\" \/>\n<meta property=\"og:url\" content=\"https:\/\/tobeornot.online\/fr\/\" \/>\n<meta property=\"og:site_name\" content=\"Tobeornot.Online : Garantissez la Disponibilit\u00e9 de Votre Site Web\" \/>\n<meta property=\"article:modified_time\" content=\"2024-01-23T18:28:34+00:00\" \/>\n<meta property=\"og:image\" content=\"https:\/\/tobeornot.online\/wp-content\/uploads\/2024\/01\/astuces-en-referencement-naturel.jpg\" \/>\n<meta name=\"twitter:card\" content=\"summary_large_image\" \/>\n<meta name=\"twitter:label1\" content=\"Dur\u00e9e de lecture estim\u00e9e\" \/>\n\t<meta name=\"twitter:data1\" content=\"3 minutes\" \/>\n<script type=\"application\/ld+json\" class=\"yoast-schema-graph\">{\"@context\":\"https:\/\/schema.org\",\"@graph\":[{\"@type\":\"WebPage\",\"@id\":\"https:\/\/tobeornot.online\/fr\/\",\"url\":\"https:\/\/tobeornot.online\/fr\/\",\"name\":\"Optimisation SEO : Mes meilleurs techniques - Tobeornot.Online : Garantissez la Disponibilit\u00e9 de Votre Site Web\",\"isPartOf\":{\"@id\":\"https:\/\/tobeornot.online\/fr\/#website\"},\"datePublished\":\"2024-01-23T16:41:37+00:00\",\"dateModified\":\"2024-01-23T18:28:34+00:00\",\"breadcrumb\":{\"@id\":\"https:\/\/tobeornot.online\/fr\/#breadcrumb\"},\"inLanguage\":\"fr-FR\",\"potentialAction\":[{\"@type\":\"ReadAction\",\"target\":[\"https:\/\/tobeornot.online\/fr\/\"]}]},{\"@type\":\"BreadcrumbList\",\"@id\":\"https:\/\/tobeornot.online\/fr\/#breadcrumb\",\"itemListElement\":[{\"@type\":\"ListItem\",\"position\":1,\"name\":\"Accueil\",\"item\":\"https:\/\/tobeornot.online\/fr\/\"},{\"@type\":\"ListItem\",\"position\":2,\"name\":\"Optimisation SEO : Mes meilleurs techniques\"}]},{\"@type\":\"WebSite\",\"@id\":\"https:\/\/tobeornot.online\/fr\/#website\",\"url\":\"https:\/\/tobeornot.online\/fr\/\",\"name\":\"Tobeornot.Online : Garantissez la Disponibilit\u00e9 de Votre Site Web\",\"description\":\"Votre site est-il en ligne ?\",\"publisher\":{\"@id\":\"https:\/\/tobeornot.online\/fr\/#organization\"},\"potentialAction\":[{\"@type\":\"SearchAction\",\"target\":{\"@type\":\"EntryPoint\",\"urlTemplate\":\"https:\/\/tobeornot.online\/fr\/?s={search_term_string}\"},\"query-input\":\"required name=search_term_string\"}],\"inLanguage\":\"fr-FR\"},{\"@type\":\"Organization\",\"@id\":\"https:\/\/tobeornot.online\/fr\/#organization\",\"name\":\"Tobeornot.Online : Garantissez la Disponibilit\u00e9 de Votre Site Web\",\"url\":\"https:\/\/tobeornot.online\/fr\/\",\"logo\":{\"@type\":\"ImageObject\",\"inLanguage\":\"fr-FR\",\"@id\":\"https:\/\/tobeornot.online\/fr\/#\/schema\/logo\/image\/\",\"url\":\"https:\/\/tobeornot.online\/wp-content\/uploads\/2024\/01\/logo_tbontb_2.jpg\",\"contentUrl\":\"https:\/\/tobeornot.online\/wp-content\/uploads\/2024\/01\/logo_tbontb_2.jpg\",\"width\":450,\"height\":450,\"caption\":\"Tobeornot.Online : Garantissez la Disponibilit\u00e9 de Votre Site Web\"},\"image\":{\"@id\":\"https:\/\/tobeornot.online\/fr\/#\/schema\/logo\/image\/\"}}]}<\/script>\n<!-- \/ Yoast SEO plugin. -->","yoast_head_json":{"title":"Optimisation SEO : Mes meilleurs techniques - Tobeornot.Online : Garantissez la Disponibilit\u00e9 de Votre Site Web","robots":{"index":"index","follow":"follow","max-snippet":"max-snippet:-1","max-image-preview":"max-image-preview:large","max-video-preview":"max-video-preview:-1"},"canonical":"https:\/\/tobeornot.online\/fr\/","og_locale":"fr_FR","og_type":"article","og_title":"Optimisation SEO : Mes meilleurs techniques - Tobeornot.Online : Garantissez la Disponibilit\u00e9 de Votre Site Web","og_description":"En 2024, le r\u00e9f\u00e9rencement naturel (SEO) demeure le pilier essentiel pour assurer la visibilit\u00e9 en ligne. Dans un paysage num\u00e9rique en constante \u00e9volution, ma\u00eetriser les subtilit\u00e9s de l&rsquo;optimisation SEO s&rsquo;av\u00e8re plus crucial que jamais. Cette ann\u00e9e, je suis ravi de partager avec vous mes meilleures astuces et strat\u00e9gies, forg\u00e9es par l&rsquo;exp\u00e9rience et affin\u00e9es au fil [&hellip;]","og_url":"https:\/\/tobeornot.online\/fr\/","og_site_name":"Tobeornot.Online : Garantissez la Disponibilit\u00e9 de Votre Site Web","article_modified_time":"2024-01-23T18:28:34+00:00","og_image":[{"url":"https:\/\/tobeornot.online\/wp-content\/uploads\/2024\/01\/astuces-en-referencement-naturel.jpg"}],"twitter_card":"summary_large_image","twitter_misc":{"Dur\u00e9e de lecture estim\u00e9e":"3 minutes"},"schema":{"@context":"https:\/\/schema.org","@graph":[{"@type":"WebPage","@id":"https:\/\/tobeornot.online\/fr\/","url":"https:\/\/tobeornot.online\/fr\/","name":"Optimisation SEO : Mes meilleurs techniques - Tobeornot.Online : Garantissez la Disponibilit\u00e9 de Votre Site Web","isPartOf":{"@id":"https:\/\/tobeornot.online\/fr\/#website"},"datePublished":"2024-01-23T16:41:37+00:00","dateModified":"2024-01-23T18:28:34+00:00","breadcrumb":{"@id":"https:\/\/tobeornot.online\/fr\/#breadcrumb"},"inLanguage":"fr-FR","potentialAction":[{"@type":"ReadAction","target":["https:\/\/tobeornot.online\/fr\/"]}]},{"@type":"BreadcrumbList","@id":"https:\/\/tobeornot.online\/fr\/#breadcrumb","itemListElement":[{"@type":"ListItem","position":1,"name":"Accueil","item":"https:\/\/tobeornot.online\/fr\/"},{"@type":"ListItem","position":2,"name":"Optimisation SEO : Mes meilleurs techniques"}]},{"@type":"WebSite","@id":"https:\/\/tobeornot.online\/fr\/#website","url":"https:\/\/tobeornot.online\/fr\/","name":"Tobeornot.Online : Garantissez la Disponibilit\u00e9 de Votre Site Web","description":"Votre site est-il en ligne ?","publisher":{"@id":"https:\/\/tobeornot.online\/fr\/#organization"},"potentialAction":[{"@type":"SearchAction","target":{"@type":"EntryPoint","urlTemplate":"https:\/\/tobeornot.online\/fr\/?s={search_term_string}"},"query-input":"required name=search_term_string"}],"inLanguage":"fr-FR"},{"@type":"Organization","@id":"https:\/\/tobeornot.online\/fr\/#organization","name":"Tobeornot.Online : Garantissez la Disponibilit\u00e9 de Votre Site Web","url":"https:\/\/tobeornot.online\/fr\/","logo":{"@type":"ImageObject","inLanguage":"fr-FR","@id":"https:\/\/tobeornot.online\/fr\/#\/schema\/logo\/image\/","url":"https:\/\/tobeornot.online\/wp-content\/uploads\/2024\/01\/logo_tbontb_2.jpg","contentUrl":"https:\/\/tobeornot.online\/wp-content\/uploads\/2024\/01\/logo_tbontb_2.jpg","width":450,"height":450,"caption":"Tobeornot.Online : Garantissez la Disponibilit\u00e9 de Votre Site Web"},"image":{"@id":"https:\/\/tobeornot.online\/fr\/#\/schema\/logo\/image\/"}}]}},"_links":{"self":[{"href":"https:\/\/tobeornot.online\/fr\/wp-json\/wp\/v2\/pages\/1355","targetHints":{"allow":["GET"]}}],"collection":[{"href":"https:\/\/tobeornot.online\/fr\/wp-json\/wp\/v2\/pages"}],"about":[{"href":"https:\/\/tobeornot.online\/fr\/wp-json\/wp\/v2\/types\/page"}],"author":[{"embeddable":true,"href":"https:\/\/tobeornot.online\/fr\/wp-json\/wp\/v2\/users\/2"}],"replies":[{"embeddable":true,"href":"https:\/\/tobeornot.online\/fr\/wp-json\/wp\/v2\/comments?post=1355"}],"version-history":[{"count":56,"href":"https:\/\/tobeornot.online\/fr\/wp-json\/wp\/v2\/pages\/1355\/revisions"}],"predecessor-version":[{"id":1432,"href":"https:\/\/tobeornot.online\/fr\/wp-json\/wp\/v2\/pages\/1355\/revisions\/1432"}],"wp:attachment":[{"href":"https:\/\/tobeornot.online\/fr\/wp-json\/wp\/v2\/media?parent=1355"}],"curies":[{"name":"wp","href":"https:\/\/api.w.org\/{rel}","templated":true}]}}